{"id":8956,"date":"2026-01-29T13:54:02","date_gmt":"2026-01-29T12:54:02","guid":{"rendered":"https:\/\/www.harmonyhostivar.cz\/harmony-hostivar-coming-soon\/?page_id=8956"},"modified":"2026-02-03T13:52:20","modified_gmt":"2026-02-03T12:52:20","slug":"gdpr","status":"publish","type":"page","link":"https:\/\/www.harmonyhostivar.cz\/home\/uk\/gdpr\/","title":{"rendered":"GDPR"},"content":{"rendered":"<div data-elementor-type=\"wp-page\" data-elementor-id=\"8956\" class=\"elementor elementor-8956\" data-elementor-post-type=\"page\">\n\t\t\t\t<div class=\"elementor-element elementor-element-1ee3c08 e-flex e-con-boxed sc_layouts_column_icons_position_left e-con e-parent\" data-id=\"1ee3c08\" data-element_type=\"container\" data-settings=\"{&quot;jet_parallax_layout_list&quot;:[]}\">\n\t\t\t\t\t<div class=\"e-con-inner\">\n\t\t\t\t<div data-animation-type=\"char\" data-animation-stagger=\"40\" class=\"elementor-element elementor-element-97d9cf7 animation_type_char trx-addons-animate sc_fly_static elementor-invisible elementor-widget elementor-widget-trx_elm_advanced_title\" data-id=\"97d9cf7\" data-element_type=\"widget\" data-settings=\"{&quot;_animation&quot;:&quot;ta_fadeinup&quot;,&quot;_animation_delay&quot;:200}\" data-widget_type=\"trx_elm_advanced_title.default\">\n\t\t\t\t<div class=\"elementor-widget-container\">\n\t\t\t\t\t<h1 class=\"trx-addons-advanced-title\" style=\"--var-trx-addons-advanced-title-highlight-animation-duration: 2000ms;\">\n<span class=\"trx-addons-advanced-title-item trx-addons-advanced-title-item-text elementor-repeater-item-fea9c9a trx-addons-advanced-title-item-nowrap\">Informace o zpracov\u00e1n\u00ed osobn\u00edch \u00fadaj\u016f z\u00e1kazn\u00edk\u016f<\/span><\/h1>\t\t\t\t<\/div>\n\t\t\t\t<\/div>\n\t\t\t\t<div class=\"elementor-element elementor-element-220c48d sc_fly_static elementor-widget elementor-widget-text-editor\" data-id=\"220c48d\" data-element_type=\"widget\" data-widget_type=\"text-editor.default\">\n\t\t\t\t<div class=\"elementor-widget-container\">\n\t\t\t\t\t\t\t\t\t<p>Informace o zpracov\u00e1n\u00ed osobn\u00edch \u00fadaj\u016f z\u00e1kazn\u00edk\u016f<\/p><p>Spr\u00e1vce<\/p><p>Spr\u00e1vcem osobn\u00edch \u00fadaj\u016f je spole\u010dnost <strong>CoreStone a.s.<\/strong>, I\u010cO: 215 91\u00a0041, se s\u00eddlem V parku 2294\/4, Chodov, 148 00 Praha 4, zapsan\u00e1 v\u00a0obchodn\u00edm rejst\u0159\u00edku veden\u00e9m u M\u011bstsk\u00e9ho soudu v\u00a0Praze pod sp.\u00a0zn. B 28861 (d\u00e1le jen \u201e<strong>CoreStone<\/strong>\u201c nebo \u201e<strong>my<\/strong>\u201c).<\/p><p>\u00a0<\/p><p>\u00da\u010dely a pr\u00e1vn\u00ed z\u00e1klady pro zpracov\u00e1n\u00ed<\/p><p>Osobn\u00ed \u00fadaje zpracov\u00e1v\u00e1me pro n\u00e1sleduj\u00edc\u00ed \u00fa\u010dely:<\/p><ol><li>popt\u00e1v\u00e1n\u00ed nab\u00edzen\u00fdch produkt\u016f a slu\u017eeb z\u00e1kazn\u00edky, p\u0159edev\u0161\u00edm za vyu\u017eit\u00ed popt\u00e1vkov\u00e9ho formul\u00e1\u0159e;<\/li><li>uzav\u0159en\u00ed a pln\u011bn\u00ed smluv se z\u00e1kazn\u00edky, a to na z\u00e1klad\u011b pln\u011bn\u00ed smlouvy, je-li z\u00e1kazn\u00edk fyzickou osobu, nebo na z\u00e1klad\u011b na\u0161eho opr\u00e1vn\u011bn\u00e9ho z\u00e1jmu na\u00a0pln\u011bn\u00ed takov\u00e9 smlouvy, jde-li o fyzickou osobu, kter\u00e1 z\u00e1kazn\u00edka zastupuje;<\/li><li>vnit\u0159n\u00ed administrativn\u00ed pot\u0159eby, tvorba statistik a evidenc\u00ed, a to na z\u00e1klad\u011b na\u0161eho opr\u00e1vn\u011bn\u00e9ho z\u00e1jmu na zaji\u0161t\u011bn\u00ed \u0159\u00e1dn\u00e9 evidence uzav\u0159en\u00fdch smluv se z\u00e1kazn\u00edky;<\/li><li>zas\u00edl\u00e1n\u00ed newsletter\u016f a obchodn\u00edch sd\u011blen\u00ed, a to na z\u00e1klad\u011b na\u0161eho opr\u00e1vn\u011bn\u00e9ho z\u00e1jmu na\u00a0propagaci na\u0161ich produkt\u016f a slu\u017eeb ve vztahu ke st\u00e1vaj\u00edc\u00edm z\u00e1kazn\u00edk\u016fm, nebo na z\u00e1klad\u011b Va\u0161eho souhlasu, nejde-li o st\u00e1vaj\u00edc\u00ed z\u00e1kazn\u00edky;<\/li><li>ochrana majetku a osob, a to na z\u00e1klad\u011b na\u0161eho opr\u00e1vn\u011bn\u00e9ho z\u00e1jmu na\u00a0zaji\u0161t\u011bn\u00ed ochrany na\u0161eho majetku, majetku zam\u011bstnanc\u016f a t\u0159et\u00edch osob a zaji\u0161t\u011bn\u00ed bezpe\u010dnosti;<\/li><li>ochrana pr\u00e1vn\u00edch n\u00e1rok\u016f, a to na z\u00e1klad\u011b na\u0161eho opr\u00e1vn\u011bn\u00e9ho z\u00e1jmu na zaji\u0161t\u011bn\u00ed \u0159\u00e1dn\u00e9 ochrany a\u00a0\u00fa\u010dinn\u00e9ho uplat\u0148ov\u00e1n\u00ed na\u0161ich pr\u00e1v a n\u00e1rok\u016f;<\/li><li>pln\u011bn\u00ed obecn\u00fdch z\u00e1konn\u00fdch povinnost\u00ed, zejm\u00e9na v\u00a0oblasti da\u0148ov\u00e9 a \u00fa\u010detn\u00ed, a to na z\u00e1klad\u011b pr\u00e1vn\u00ed povinnosti, kter\u00e1 se na n\u00e1s jako na\u00a0spr\u00e1vce vztahuje.<\/li><\/ol><p>Zpracov\u00e1van\u00e9 osobn\u00ed \u00fadaje a doba uchov\u00e1n\u00ed<\/p><p>Pro v\u00fd\u0161e uveden\u00e9 \u00fa\u010dely zpracov\u00e1v\u00e1me zejm\u00e9na identifika\u010dn\u00ed a kontaktn\u00ed \u00fadaje, \u00fadaje o vyu\u017e\u00edv\u00e1n\u00ed slu\u017eeb a o parametrech poskytovan\u00fdch slu\u017eeb a z\u00e1znamy vz\u00e1jemn\u00e9 komunikace. Tyto \u00fadaje z\u00edsk\u00e1v\u00e1me p\u0159\u00edmo od V\u00e1s t\u00edm, \u017ee n\u00e1m je vypln\u00edte na p\u0159\u00edslu\u0161n\u00fdch formul\u00e1\u0159\u00edch a ve\u00a0smluvn\u00ed dokumentaci. Vedle toho v\u00a0omezen\u00e9m rozsahu z\u00edsk\u00e1v\u00e1me a d\u00e1le zpracov\u00e1v\u00e1me osobn\u00ed \u00fadaje z ve\u0159ejn\u011b dostupn\u00fdch zdroj\u016f, kter\u00fdmi jsou ve\u0159ejn\u00e9 evidence (nap\u0159. insolven\u010dn\u00ed rejst\u0159\u00edk nebo evidence exekuc\u00ed), a to v\u017edy v\u00a0souladu se z\u00e1konn\u00fdmi po\u017eadavky.<\/p><p>Osobn\u00ed \u00fadaje uchov\u00e1v\u00e1me v\u00a0nezbytn\u00e9m rozsahu po dobu:<\/p><ol><li>trv\u00e1n\u00ed p\u0159edm\u011btn\u00e9 smlouvy v\u00a0p\u0159\u00edpad\u011b \u00fa\u010delu dle p\u00edsmene a) v\u00fd\u0161e;<\/li><li>trv\u00e1n\u00ed p\u0159edm\u011btn\u00e9 smlouvy a n\u00e1sledn\u011b po dobu 3 let od jej\u00edho skon\u010den\u00ed v\u00a0p\u0159\u00edpad\u011b \u00fa\u010delu dle p\u00edsmene c) v\u00fd\u0161e;<\/li><li>trv\u00e1n\u00ed proml\u010dec\u00ed doby, v\u010detn\u011b doby pokr\u00fdvaj\u00edc\u00ed jej\u00ed p\u0159\u00edpadn\u00e9 staven\u00ed \u010di p\u0159eru\u0161en\u00ed, typicky v\u0161ak ne d\u00e9le ne\u017e 16 let po ukon\u010den\u00ed \u00fa\u010dinnosti smlouvy v p\u0159\u00edpad\u011b \u00fa\u010del\u016f pod p\u00edsmeny b), d) a e) v\u00fd\u0161e;<\/li><li>pln\u011bn\u00ed p\u0159\u00edslu\u0161n\u00fdch z\u00e1konn\u00fdch povinnosti v\u00a0p\u0159\u00edpad\u011b \u00fa\u010delu dle p\u00edsmene f) v\u00fd\u0161e.<\/li><\/ol><p>Kdo Va\u0161e osobn\u00ed \u00fadaje zpracov\u00e1v\u00e1 a komu je p\u0159ed\u00e1v\u00e1me?<\/p><p>V\u0161echny zm\u00edn\u011bn\u00e9 osobn\u00ed \u00fadaje zpracov\u00e1v\u00e1me my jako spr\u00e1vce. To znamen\u00e1, \u017ee my stanovujeme shora vymezen\u00e9 \u00fa\u010dely, pro kter\u00e9 Va\u0161e osobn\u00ed \u00fadaje shroma\u017e\u010fujeme, ur\u010dujeme prost\u0159edky zpracov\u00e1n\u00ed a\u00a0odpov\u00edd\u00e1me za jeho \u0159\u00e1dn\u00e9 proveden\u00ed.<\/p><p>Va\u0161e osobn\u00ed \u00fadaje m\u016f\u017eeme poskytovat t\u0159et\u00edm stran\u00e1m, pokud to vypl\u00fdv\u00e1 z na\u0161\u00ed spolupr\u00e1ce (tedy jedn\u00e1 se o pln\u011bn\u00ed smlouvy), nap\u0159. Rezidence \u0160vehlova s.r.o., poskytovatel\u00e9 \u00fav\u011br\u016f a \u00faschov, katastr nemovitost\u00ed, apod. V takov\u00fdch p\u0159\u00edpadech se jedn\u00e1 o samostatn\u00e9 spr\u00e1vce.<\/p><p>V\u00fdjimku p\u0159edstavuj\u00ed i jsou p\u0159\u00edpady, kdy budeme povinni tyto osobn\u00ed \u00fadaje p\u0159edat na z\u00e1klad\u011b z\u00e1kona (zejm\u00e9na org\u00e1n\u016fm da\u0148ov\u00e9 spr\u00e1vy, soud\u016fm a policii p\u0159i v\u00fdkonu jejich z\u00e1konn\u00fdch pravomoc\u00ed), a p\u0159\u00edpady, kdy budeme tyto \u00fadaje pro dosa\u017een\u00ed v\u00fd\u0161e uveden\u00fdch \u00fa\u010del\u016f p\u0159ed\u00e1vat st\u00e1tn\u00edm org\u00e1n\u016fm \u010di t\u0159et\u00edm osob\u00e1m (zejm\u00e9na osob\u00e1m po\u0161kozen\u00fdm protipr\u00e1vn\u00edm jedn\u00e1n\u00edm).<\/p><p>Na z\u00e1klad\u011b na\u0161eho opr\u00e1vn\u011bn\u00e9ho z\u00e1jmu m\u016f\u017eeme sd\u00edlet osobn\u00ed \u00fadaje tak\u00e9 s\u00a0ostatn\u00edmi spole\u010dnostmi skupiny CoreStone, a to pro \u00fa\u010dely \u0159\u00edzen\u00ed vztah\u016f se z\u00e1kazn\u00edky v\u00a0r\u00e1mci cel\u00e9 skupiny.<\/p><p>Do zpracov\u00e1v\u00e1n\u00ed zapojujeme tak\u00e9 dal\u0161\u00ed subjekty v\u00a0pozici zpracovatel\u016f, kte\u0159\u00ed zpracov\u00e1vaj\u00ed osobn\u00ed \u00fadaje pro na\u0161i spole\u010dnost a dle na\u0161ich instrukc\u00ed. Jde zejm\u00e9na o poskytovatele informa\u010dn\u00edch syst\u00e9m\u016f a technick\u00e9 infrastruktury, a marketingov\u00e9 agentury.<\/p><p>V\u0161ichni zpracovatel\u00e9 jsou zav\u00e1z\u00e1ni zpracovatelskou smlouvou k\u00a0pln\u011bn\u00ed po\u017eadavk\u016f dle pr\u00e1vn\u00edch p\u0159edpis\u016f na ochranu osobn\u00edch \u00fadaj\u016f, zejm\u00e9na k\u00a0ochran\u011b Va\u0161ich osobn\u00edch \u00fadaj\u016f.<\/p><p>Jak\u00e1 m\u00e1te pr\u00e1va p\u0159i zpracov\u00e1n\u00ed osobn\u00edch \u00fadaj\u016f?<\/p><p>Stejn\u011b jako m\u00e1me my sv\u00e1 pr\u00e1va a povinnosti p\u0159i zpracov\u00e1n\u00ed Va\u0161ich osobn\u00edch \u00fadaj\u016f, m\u00e1te tak\u00e9 Vy p\u0159i zpracov\u00e1n\u00ed Va\u0161ich osobn\u00edch \u00fadaj\u016f ur\u010dit\u00e1 pr\u00e1va. Mezi tato pr\u00e1va pat\u0159\u00ed:<\/p><ul><li>Pr\u00e1vo odvolat souhlas se zpracov\u00e1n\u00edm<\/li><\/ul><p>V\u00e1mi ud\u011blen\u00fd souhlas m\u016f\u017eete kdykoli odvolat. T\u00edmto v\u0161ak nen\u00ed dot\u010dena z\u00e1konnost zpracov\u00e1n\u00ed zalo\u017een\u00e1 na souhlasu ud\u011blen\u00e9m p\u0159ed jeho odvol\u00e1n\u00edm.<\/p><ul><li>Pr\u00e1vo na p\u0159\u00edstup<\/li><\/ul><p>Zjednodu\u0161en\u011b \u0159e\u010deno m\u00e1te pr\u00e1vo v\u011bd\u011bt, jak\u00e9 \u00fadaje o V\u00e1s zpracov\u00e1v\u00e1me, za jak\u00fdm \u00fa\u010delem, po jakou dobu, kde Va\u0161e osobn\u00ed \u00fadaje z\u00edsk\u00e1v\u00e1me, komu je p\u0159ed\u00e1v\u00e1me, kdo je mimo n\u00e1s zpracov\u00e1v\u00e1 a jak\u00e1 m\u00e1te dal\u0161\u00ed pr\u00e1va souvisej\u00edc\u00ed se zpracov\u00e1n\u00edm Va\u0161ich osobn\u00edch \u00fadaj\u016f. To v\u0161e jste se dozv\u011bd\u011bli v t\u011bchto Informac\u00edch o zpracov\u00e1n\u00ed osobn\u00edch \u00fadaj\u016f. Pokud si v\u0161ak nejste jist\u00ed, kter\u00e9 osobn\u00ed \u00fadaje o V\u00e1s zpracov\u00e1v\u00e1me, m\u016f\u017eete n\u00e1s po\u017e\u00e1dat o\u00a0potvrzen\u00ed, zda osobn\u00ed \u00fadaje, kter\u00e9 se V\u00e1s t\u00fdkaj\u00ed, jsou \u010di nejsou z\u00a0na\u0161\u00ed strany zpracov\u00e1v\u00e1ny, a pokud zpracov\u00e1v\u00e1ny jsou, m\u00e1te pr\u00e1vo k\u00a0nim z\u00edskat p\u0159\u00edstup. V r\u00e1mci pr\u00e1va na p\u0159\u00edstup n\u00e1s m\u016f\u017eete po\u017e\u00e1dat o kopii zpracov\u00e1van\u00fdch osobn\u00edch \u00fadaj\u016f, p\u0159i\u010dem\u017e prvn\u00ed kopii V\u00e1m poskytneme bezplatn\u011b a dal\u0161\u00ed kopie s poplatkem.<\/p><ul><li>Pr\u00e1vo na opravu<\/li><\/ul><p>Pokud zjist\u00edte, \u017ee osobn\u00ed \u00fadaje, kter\u00e9 o V\u00e1s zpracov\u00e1v\u00e1me, jsou nep\u0159esn\u00e9 nebo ne\u00fapln\u00e9, m\u00e1te pr\u00e1vo na to, abychom je bez zbyte\u010dn\u00e9ho odkladu opravili, pop\u0159\u00edpad\u011b doplnili.<\/p><ul><li>Pr\u00e1vo na v\u00fdmaz<\/li><\/ul><p>V n\u011bkter\u00fdch p\u0159\u00edpadech m\u00e1te pr\u00e1vo, abychom Va\u0161e osobn\u00ed \u00fadaje vymazali. Va\u0161e osobn\u00ed \u00fadaje bez\u00a0zbyte\u010dn\u00e9ho odkladu vyma\u017eeme, pokud je spln\u011bn n\u011bkter\u00fd z n\u00e1sleduj\u00edc\u00edch d\u016fvod\u016f:<\/p><ol><li>Va\u0161e osobn\u00ed \u00fadaje ji\u017e nepot\u0159ebujeme pro \u00fa\u010dely, pro kter\u00e9 jsme je zpracov\u00e1vali;<\/li><li>vyu\u017eijete sv\u00e9ho pr\u00e1va vzn\u00e9st n\u00e1mitku proti zpracov\u00e1n\u00ed (viz n\u00ed\u017ee kapitola \u201ePr\u00e1vo vzn\u00e9st n\u00e1mitku proti zpracov\u00e1n\u00ed\u201c) u osobn\u00edch \u00fadaj\u016f, kter\u00e9 zpracov\u00e1v\u00e1me na z\u00e1klad\u011b na\u0161ich opr\u00e1vn\u011bn\u00fdch z\u00e1jm\u016f, a my shled\u00e1me, \u017ee ji\u017e \u017e\u00e1dn\u00e9 takov\u00e9 opr\u00e1vn\u011bn\u00e9 z\u00e1jmy, kter\u00e9 by toto zpracov\u00e1n\u00ed oprav\u0148ovaly, nem\u00e1me.;<\/li><li>uk\u00e1\u017ee se, \u017ee n\u00e1mi prov\u00e1d\u011bn\u00e9 zpracov\u00e1n\u00ed osobn\u00edch \u00fadaj\u016f p\u0159estalo b\u00fdt v souladu s obecn\u011b z\u00e1vazn\u00fdmi p\u0159edpisy.<\/li><\/ol><p>Toto pr\u00e1vo se neuplatn\u00ed v p\u0159\u00edpad\u011b, \u017ee zpracov\u00e1n\u00ed Va\u0161ich osobn\u00edch \u00fadaj\u016f je i nad\u00e1le nezbytn\u00e9 pro:<\/p><ol><li>spln\u011bn\u00ed na\u0161\u00ed pr\u00e1vn\u00ed povinnosti;<\/li><li>\u00fa\u010dely archivace, v\u011bdeck\u00e9ho \u010di historick\u00e9ho v\u00fdzkumu \u010di pro statistick\u00e9 \u00fa\u010dely; nebo<\/li><li>ur\u010den\u00ed, v\u00fdkon nebo obhajobu na\u0161ich pr\u00e1vn\u00edch n\u00e1rok\u016f.<ul><li>Pr\u00e1vo na omezen\u00ed zpracov\u00e1n\u00ed<\/li><\/ul><\/li><\/ol><p>V n\u011bkter\u00fdch p\u0159\u00edpadech m\u016f\u017eete krom\u011b pr\u00e1va na v\u00fdmaz vyu\u017e\u00edt pr\u00e1vo na omezen\u00ed zpracov\u00e1n\u00ed osobn\u00edch \u00fadaj\u016f. Toto pr\u00e1vo V\u00e1m umo\u017e\u0148uje v ur\u010dit\u00fdch p\u0159\u00edpadech po\u017eadovat, aby do\u0161lo k ozna\u010den\u00ed Va\u0161ich osobn\u00edch \u00fadaj\u016f a tyto \u00fadaje nebyly p\u0159edm\u011btem \u017e\u00e1dn\u00fdch dal\u0161\u00edch operac\u00ed zpracov\u00e1n\u00ed \u2013 v tomto p\u0159\u00edpad\u011b v\u0161ak nikoliv nav\u017edy (jako v\u00a0p\u0159\u00edpad\u011b pr\u00e1va na v\u00fdmaz), ale po omezenou dobu. Zpracov\u00e1n\u00ed osobn\u00edch \u00fadaj\u016f mus\u00edme omezit, jestli\u017ee:<\/p><ol><li>pop\u00edr\u00e1te p\u0159esnost osobn\u00edch \u00fadaj\u016f, ne\u017e se dohodneme, jak\u00e9 \u00fadaje jsou spr\u00e1vn\u00e9;<\/li><li>Va\u0161e osobn\u00ed \u00fadaje zpracov\u00e1v\u00e1me bez dostate\u010dn\u00e9ho pr\u00e1vn\u00edho z\u00e1kladu (nap\u0159. nad r\u00e1mec toho, co zpracov\u00e1vat mus\u00edme), ale Vy budete p\u0159ed v\u00fdmazem takov\u00fdch \u00fadaj\u016f up\u0159ednost\u0148ovat pouze jejich omezen\u00ed (nap\u0159. pokud o\u010dek\u00e1v\u00e1te, \u017ee byste n\u00e1m v budoucnu takov\u00e9 \u00fadaje stejn\u011b poskytli);<\/li><li>Va\u0161e osobn\u00ed \u00fadaje ji\u017e nepot\u0159ebujeme pro shora uveden\u00e9 \u00fa\u010dely zpracov\u00e1n\u00ed, ale Vy je po\u017eadujete pro ur\u010den\u00ed, v\u00fdkon nebo obhajobu sv\u00fdch pr\u00e1vn\u00edch n\u00e1rok\u016f; nebo<\/li><li>vznesete n\u00e1mitku proti zpracov\u00e1n\u00ed. Pr\u00e1vo na n\u00e1mitku je podrobn\u011bji pops\u00e1no n\u00ed\u017ee v kapitole \u201ePr\u00e1vo vzn\u00e9st n\u00e1mitku proti zpracov\u00e1n\u00ed\u201c. Po dobu, po kterou \u0161et\u0159\u00edme, je-li Va\u0161e n\u00e1mitka opr\u00e1vn\u011bn\u00e1, jsme povinni zpracov\u00e1n\u00ed Va\u0161ich osobn\u00edch \u00fadaj\u016f omezit.<ul><li>Pr\u00e1vo na p\u0159enositelnost<\/li><\/ul><\/li><\/ol><p>M\u00e1te pr\u00e1vo z\u00edskat od n\u00e1s v\u0161echny Va\u0161e osobn\u00ed \u00fadaje, kter\u00e9 jste n\u00e1m Vy sami poskytli a kter\u00e9 zpracov\u00e1v\u00e1me na z\u00e1klad\u011b pln\u011bn\u00ed smlouvy. Va\u0161e osobn\u00ed \u00fadaje V\u00e1m poskytneme ve strukturovan\u00e9m, b\u011b\u017en\u011b pou\u017e\u00edvan\u00e9m a\u00a0strojov\u011b \u010diteln\u00e9m form\u00e1tu. Abychom mohli na Va\u0161i \u017e\u00e1dost \u00fadaje snadno p\u0159ev\u00e9st, m\u016f\u017ee se jednat pouze o\u00a0\u00fadaje, kter\u00e9 zpracov\u00e1v\u00e1me automatizovan\u011b v na\u0161ich elektronick\u00fdch datab\u00e1z\u00edch. Touto formou V\u00e1m tedy nem\u016f\u017eeme p\u0159en\u00e9st v\u017edy a za v\u0161ech okolnost\u00ed v\u0161echny \u00fadaje, kter\u00e9 vedeme v\u00a0listinn\u00e9 podob\u011b.<\/p><ul><li>Pr\u00e1vo vzn\u00e9st n\u00e1mitku proti zpracov\u00e1n\u00ed<\/li><\/ul><p>M\u00e1te pr\u00e1vo vzn\u00e9st n\u00e1mitku proti zpracov\u00e1n\u00ed osobn\u00edch \u00fadaj\u016f, k n\u011bmu\u017e doch\u00e1z\u00ed na z\u00e1klad\u011b na\u0161eho opr\u00e1vn\u011bn\u00e9ho z\u00e1jmu. Va\u0161e osobn\u00ed \u00fadaje p\u0159estaneme zpracov\u00e1vat, pokud nebudeme m\u00edt z\u00e1va\u017en\u00e9 opr\u00e1vn\u011bn\u00e9 d\u016fvody pro to, abychom v takov\u00e9m zpracov\u00e1n\u00ed pokra\u010dovali.<\/p><ul><li>Pr\u00e1vo podat st\u00ed\u017enost<\/li><\/ul><p>Uplatn\u011bn\u00edm pr\u00e1v v\u00fd\u0161e uveden\u00fdm zp\u016fsobem nen\u00ed nijak dot\u010deno Va\u0161e pr\u00e1vo podat st\u00ed\u017enost u \u00da\u0159adu pro\u00a0ochranu osobn\u00edch \u00fadaj\u016f. Toto pr\u00e1vo m\u016f\u017eete uplatnit zejm\u00e9na v p\u0159\u00edpad\u011b, \u017ee se domn\u00edv\u00e1te, \u017ee Va\u0161e osobn\u00ed \u00fadaje zpracov\u00e1v\u00e1me neopr\u00e1vn\u011bn\u011b nebo v rozporu s\u00a0obecn\u011b z\u00e1vazn\u00fdmi pr\u00e1vn\u00edmi p\u0159edpisy.<\/p><p>St\u00ed\u017enost m\u016f\u017eete podat u \u00da\u0159adu pro ochranu osobn\u00edch \u00fadaj\u016f, kter\u00fd s\u00eddl\u00ed na adrese Pplk. Sochora 27, 170\u00a000 Praha 7.<\/p><p>Jak lze uplatnit jednotliv\u00e1 pr\u00e1va?<\/p><p>Ve v\u0161ech z\u00e1le\u017eitostech souvisej\u00edc\u00edch se zpracov\u00e1n\u00edm Va\u0161ich osobn\u00edch \u00fadaj\u016f, a\u0165 ji\u017e jde o dotaz, uplatn\u011bn\u00ed pr\u00e1va, pod\u00e1n\u00ed st\u00ed\u017enosti \u010di cokoliv jin\u00e9ho, se na n\u00e1s m\u016f\u017eete obracet prost\u0159ednictv\u00edm n\u00e1sleduj\u00edc\u00edch kontakt\u016f:<\/p><p>e-mailem na: recepce@corestone.cz, nebo<\/p><p>p\u00edsemn\u011b na adrese: V Parku 2294\/4, Chodov, 148 00 Praha 4<\/p><p>Aktu\u00e1ln\u00ed kontaktn\u00ed informace jsou dostupn\u00e9 na na\u0161ich webov\u00fdch str\u00e1nk\u00e1ch.<\/p><p>Va\u0161i \u017e\u00e1dost vy\u0159\u00edd\u00edme bez zbyte\u010dn\u00e9ho odkladu, maxim\u00e1ln\u011b v\u0161ak do jednoho m\u011bs\u00edce. Ve v\u00fdjime\u010dn\u00fdch p\u0159\u00edpadech, zejm\u00e9na z d\u016fvodu slo\u017eitosti Va\u0161eho po\u017eadavku, jsme opr\u00e1vn\u011bni tuto lh\u016ftu prodlou\u017eit o\u00a0dal\u0161\u00ed dva m\u011bs\u00edce. O takov\u00e9m p\u0159\u00edpadn\u00e9m prodlou\u017een\u00ed a jeho zd\u016fvodn\u011bn\u00ed V\u00e1s samoz\u0159ejm\u011b budeme informovat.<\/p><p>\u00a0<\/p>\t\t\t\t\t\t\t\t<\/div>\n\t\t\t\t<\/div>\n\t\t\t\t\t<\/div>\n\t\t\t\t<\/div>\n\t\t\t\t<\/div>","protected":false},"excerpt":{"rendered":"<p>Informace o zpracov\u00e1n\u00ed osobn\u00edch \u00fadaj\u016f z\u00e1kazn\u00edk\u016f&hellip;<\/p>","protected":false},"author":1,"featured_media":0,"parent":0,"menu_order":0,"comment_status":"closed","ping_status":"closed","template":"","meta":{"_acf_changed":false,"footnotes":""},"class_list":["post-8956","page","type-page","status-publish","hentry"],"acf":[],"_links":{"self":[{"href":"https:\/\/www.harmonyhostivar.cz\/home\/uk\/wp-json\/wp\/v2\/pages\/8956","targetHints":{"allow":["GET"]}}],"collection":[{"href":"https:\/\/www.harmonyhostivar.cz\/home\/uk\/wp-json\/wp\/v2\/pages"}],"about":[{"href":"https:\/\/www.harmonyhostivar.cz\/home\/uk\/wp-json\/wp\/v2\/types\/page"}],"author":[{"embeddable":true,"href":"https:\/\/www.harmonyhostivar.cz\/home\/uk\/wp-json\/wp\/v2\/users\/1"}],"replies":[{"embeddable":true,"href":"https:\/\/www.harmonyhostivar.cz\/home\/uk\/wp-json\/wp\/v2\/comments?post=8956"}],"version-history":[{"count":10,"href":"https:\/\/www.harmonyhostivar.cz\/home\/uk\/wp-json\/wp\/v2\/pages\/8956\/revisions"}],"predecessor-version":[{"id":9029,"href":"https:\/\/www.harmonyhostivar.cz\/home\/uk\/wp-json\/wp\/v2\/pages\/8956\/revisions\/9029"}],"wp:attachment":[{"href":"https:\/\/www.harmonyhostivar.cz\/home\/uk\/wp-json\/wp\/v2\/media?parent=8956"}],"curies":[{"name":"wp","href":"https:\/\/api.w.org\/{rel}","templated":true}]}}